{"id":78,"date":"2026-03-31T15:08:32","date_gmt":"2026-03-31T14:08:32","guid":{"rendered":"https:\/\/www.tamara-fetish.com\/?page_id=78"},"modified":"2026-04-02T11:52:42","modified_gmt":"2026-04-02T10:52:42","slug":"savoir-etre","status":"publish","type":"page","link":"https:\/\/www.tamara-fetish.com\/index.php\/savoir-etre\/","title":{"rendered":"Savoir-\u00eatre"},"content":{"rendered":"\t\t<div data-elementor-type=\"wp-page\" data-elementor-id=\"78\" class=\"elementor elementor-78\">\n\t\t\t\t<div class=\"elementor-element elementor-element-f9529a e-con-full e-flex e-con e-parent\" data-id=\"f9529a\" data-element_type=\"container\" data-e-type=\"container\" data-settings=\"{&quot;background_background&quot;:&quot;classic&quot;}\">\n\t\t<div class=\"elementor-element elementor-element-8933dd7 e-con-full e-flex e-con e-child\" data-id=\"8933dd7\" data-element_type=\"container\" data-e-type=\"container\">\n\t\t\t\t<div class=\"elementor-element elementor-element-d3424f0 elementor-widget elementor-widget-image\" data-id=\"d3424f0\" data-element_type=\"widget\" data-e-type=\"widget\" data-widget_type=\"image.default\">\n\t\t\t\t\t\t\t\t\t\t\t\t\t\t\t\t<a href=\"https:\/\/www.tamara-fetish.com\/\">\n\t\t\t\t\t\t\t<img fetchpriority=\"high\" decoding=\"async\" width=\"456\" height=\"378\" src=\"https:\/\/www.tamara-fetish.com\/wp-content\/uploads\/2026\/03\/Logo-corner-Tamara-Fetish-creme.png\" class=\"attachment-full size-full wp-image-43\" alt=\"\" srcset=\"https:\/\/www.tamara-fetish.com\/wp-content\/uploads\/2026\/03\/Logo-corner-Tamara-Fetish-creme.png 456w, https:\/\/www.tamara-fetish.com\/wp-content\/uploads\/2026\/03\/Logo-corner-Tamara-Fetish-creme-300x249.png 300w\" sizes=\"(max-width: 456px) 100vw, 456px\" \/>\t\t\t\t\t\t\t\t<\/a>\n\t\t\t\t\t\t\t\t\t\t\t\t\t\t\t<\/div>\n\t\t\t\t<\/div>\n\t\t<div class=\"elementor-element elementor-element-31c016ed e-con-full e-flex e-con e-child\" data-id=\"31c016ed\" data-element_type=\"container\" data-e-type=\"container\">\n\t\t\t\t<div class=\"elementor-element elementor-element-6cc51fef animated-slow elementor-invisible elementor-widget elementor-widget-heading\" data-id=\"6cc51fef\" data-element_type=\"widget\" data-e-type=\"widget\" data-settings=\"{&quot;_animation&quot;:&quot;fadeInUp&quot;}\" data-widget_type=\"heading.default\">\n\t\t\t\t\t<h1 class=\"elementor-heading-title elementor-size-default\">Savoir-\u00eatre<\/h1>\t\t\t\t<\/div>\n\t\t\t\t<\/div>\n\t\t<div class=\"elementor-element elementor-element-cee5f6f e-con-full e-flex e-con e-child\" data-id=\"cee5f6f\" data-element_type=\"container\" data-e-type=\"container\">\n\t\t\t\t<div class=\"elementor-element elementor-element-9c49309 animated-slow elementor-invisible elementor-widget elementor-widget-heading\" data-id=\"9c49309\" data-element_type=\"widget\" data-e-type=\"widget\" data-settings=\"{&quot;_animation&quot;:&quot;fadeInUp&quot;}\" data-widget_type=\"heading.default\">\n\t\t\t\t\t<h2 class=\"elementor-heading-title elementor-size-default\">Qui sommes-nous ?<\/h2>\t\t\t\t<\/div>\n\t\t<div class=\"elementor-element elementor-element-7aebdc6 e-con-full e-flex e-con e-child\" data-id=\"7aebdc6\" data-element_type=\"container\" data-e-type=\"container\">\n\t\t\t\t<div class=\"elementor-element elementor-element-aabf746 animated-slow elementor-widget__width-initial elementor-invisible elementor-widget elementor-widget-text-editor\" data-id=\"aabf746\" data-element_type=\"widget\" data-e-type=\"widget\" data-settings=\"{&quot;_animation&quot;:&quot;fadeInUp&quot;}\" data-widget_type=\"text-editor.default\">\n\t\t\t\t\t\t\t\t\t<p>Fabricant de mobilier BDSM haut de gamme, nous concevons des \u00e9l\u00e9ments sur-mesure d\u00e9di\u00e9es \u00e0 l\u2019univers du f\u00e9tichisme et de la sexualit\u00e9 alternative.<\/p><p>Chaque cr\u00e9ation allie design et robustesse, pour r\u00e9pondre aux exigences des pratiquants comme des amateurs \u00e9clair\u00e9s.<\/p><p>Nos meubles BDSM sont pens\u00e9s pour offrir s\u00e9curit\u00e9, confort et esth\u00e9tique, avec des mat\u00e9riaux de qualit\u00e9 et un savoir-faire artisanal.<\/p>\t\t\t\t\t\t\t\t<\/div>\n\t\t\t\t<div class=\"elementor-element elementor-element-69eb4da elementor-widget__width-initial elementor-widget elementor-widget-image\" data-id=\"69eb4da\" data-element_type=\"widget\" data-e-type=\"widget\" data-widget_type=\"image.default\">\n\t\t\t\t\t\t\t\t\t\t\t\t\t\t\t<img decoding=\"async\" width=\"800\" height=\"598\" src=\"https:\/\/www.tamara-fetish.com\/wp-content\/uploads\/2026\/04\/Interieur-effet-blur-1024x765.jpg\" class=\"attachment-large size-large wp-image-173\" alt=\"\" srcset=\"https:\/\/www.tamara-fetish.com\/wp-content\/uploads\/2026\/04\/Interieur-effet-blur-1024x765.jpg 1024w, https:\/\/www.tamara-fetish.com\/wp-content\/uploads\/2026\/04\/Interieur-effet-blur-300x224.jpg 300w, https:\/\/www.tamara-fetish.com\/wp-content\/uploads\/2026\/04\/Interieur-effet-blur-768x574.jpg 768w, https:\/\/www.tamara-fetish.com\/wp-content\/uploads\/2026\/04\/Interieur-effet-blur-1536x1147.jpg 1536w, https:\/\/www.tamara-fetish.com\/wp-content\/uploads\/2026\/04\/Interieur-effet-blur.jpg 1584w\" sizes=\"(max-width: 800px) 100vw, 800px\" \/>\t\t\t\t\t\t\t\t\t\t\t\t\t\t\t<\/div>\n\t\t\t\t<\/div>\n\t\t\t\t<\/div>\n\t\t<div class=\"elementor-element elementor-element-43b383b e-con-full e-flex e-con e-child\" data-id=\"43b383b\" data-element_type=\"container\" data-e-type=\"container\">\n\t\t\t\t<div class=\"elementor-element elementor-element-316a581 animated-slow elementor-invisible elementor-widget elementor-widget-heading\" data-id=\"316a581\" data-element_type=\"widget\" data-e-type=\"widget\" data-settings=\"{&quot;_animation&quot;:&quot;fadeInUp&quot;}\" data-widget_type=\"heading.default\">\n\t\t\t\t\t<h2 class=\"elementor-heading-title elementor-size-default\">Notre philosophie<\/h2>\t\t\t\t<\/div>\n\t\t<div class=\"elementor-element elementor-element-da86dde e-con-full e-flex e-con e-child\" data-id=\"da86dde\" data-element_type=\"container\" data-e-type=\"container\">\n\t\t\t\t<div class=\"elementor-element elementor-element-f2b4839 animated-slow elementor-widget__width-initial elementor-invisible elementor-widget elementor-widget-text-editor\" data-id=\"f2b4839\" data-element_type=\"widget\" data-e-type=\"widget\" data-settings=\"{&quot;_animation&quot;:&quot;fadeInUp&quot;}\" data-widget_type=\"text-editor.default\">\n\t\t\t\t\t\t\t\t\t<p>Nous sommes <strong>fabricants<\/strong> et <strong>pratiquants<\/strong>. Ce qui fait de nos mobiliers des \u00e9quipements con\u00e7us dans un pur esprit BDSM, vous permettant de pratiquer sans vous soucier du mat\u00e9riel, avec une praticit\u00e9 et une modularit\u00e9 infaillibles.<\/p><p>A l&rsquo;image de ce qu&rsquo;est le BDSM, chaque d\u00e9tail compte dans la conception d&rsquo;un \u00e9quipement. Le mobilier <strong>Tamara Fetish<\/strong> devient le prolongement de votre art et de vos convictions.<\/p>\t\t\t\t\t\t\t\t<\/div>\n\t\t\t\t<\/div>\n\t\t\t\t<\/div>\n\t\t<div class=\"elementor-element elementor-element-3fa240f e-con-full e-flex e-con e-child\" data-id=\"3fa240f\" data-element_type=\"container\" data-e-type=\"container\">\n\t\t\t\t<div class=\"elementor-element elementor-element-a32c9b0 animated-slow elementor-invisible elementor-widget elementor-widget-heading\" data-id=\"a32c9b0\" data-element_type=\"widget\" data-e-type=\"widget\" data-settings=\"{&quot;_animation&quot;:&quot;fadeInUp&quot;}\" data-widget_type=\"heading.default\">\n\t\t\t\t\t<h2 class=\"elementor-heading-title elementor-size-default\">Pour vous servir<\/h2>\t\t\t\t<\/div>\n\t\t<div class=\"elementor-element elementor-element-75ad801 e-con-full e-flex e-con e-child\" data-id=\"75ad801\" data-element_type=\"container\" data-e-type=\"container\">\n\t\t\t\t<div class=\"elementor-element elementor-element-1a3cc94 animated-slow elementor-widget__width-initial elementor-invisible elementor-widget elementor-widget-text-editor\" data-id=\"1a3cc94\" data-element_type=\"widget\" data-e-type=\"widget\" data-settings=\"{&quot;_animation&quot;:&quot;fadeInUp&quot;}\" data-widget_type=\"text-editor.default\">\n\t\t\t\t\t\t\t\t\t<p>Pour vos projets de <strong>Love-room<\/strong> ou de <strong>Donjon BDSM<\/strong>, nous pouvons nous d\u00e9placer pour \u00e9tudier l&rsquo;am\u00e9nagement complet de votre lieu, concevoir une bonne implantation des \u00e9quipements, vous proposer des mat\u00e9riaux en harmonie avec votre d\u00e9coration&#8230;<\/p><p>Nous livrons et installons nos mobiliers dans toute la France, en Belgique, Allemagne et Luxembourg.<\/p>\t\t\t\t\t\t\t\t<\/div>\n\t\t\t\t<\/div>\n\t\t\t\t<\/div>\n\t\t<div class=\"elementor-element elementor-element-2985618 e-con-full e-flex e-con e-child\" data-id=\"2985618\" data-element_type=\"container\" data-e-type=\"container\">\n\t\t\t\t<div class=\"elementor-element elementor-element-972ae6e animated-slow elementor-invisible elementor-widget elementor-widget-heading\" data-id=\"972ae6e\" data-element_type=\"widget\" data-e-type=\"widget\" data-settings=\"{&quot;_animation&quot;:&quot;fadeInUp&quot;}\" data-widget_type=\"heading.default\">\n\t\t\t\t\t<h2 class=\"elementor-heading-title elementor-size-default\">Les avis clients<\/h2>\t\t\t\t<\/div>\n\t\t<div class=\"elementor-element elementor-element-f41d451 e-con-full e-flex e-con e-child\" data-id=\"f41d451\" data-element_type=\"container\" data-e-type=\"container\">\n\t\t\t\t<div class=\"elementor-element elementor-element-88c04d5 animated-slow elementor-widget__width-initial elementor-invisible elementor-widget elementor-widget-text-editor\" data-id=\"88c04d5\" data-element_type=\"widget\" data-e-type=\"widget\" data-settings=\"{&quot;_animation&quot;:&quot;fadeInUp&quot;}\" data-widget_type=\"text-editor.default\">\n\t\t\t\t\t\t\t\t\t<p>\u00a0\u00bb <em>Nous avons rencontr\u00e9 D. et S. sur le salon de l&rsquo;\u00e9rotisme d&rsquo;H\u00e9nin-Beaumont en 2025, et d\u00e9couvert leurs meubles BDSM.<\/em><\/p><p><em>Les mod\u00e8les pr\u00e9sent\u00e9s s&rsquo;accordaient tr\u00e8s bien avec notre pi\u00e8ce rouge \ud83d\ude42<\/em><\/p><p><em>Ils nous ont apport\u00e9 de pr\u00e9cieux conseils et ont vraiment \u00e9t\u00e9 \u00e0 l&rsquo;\u00e9coute de nos envies.<\/em> \u00ab\u00a0<\/p><p>Elodie et Jack &#8211; de Lille<\/p>\t\t\t\t\t\t\t\t<\/div>\n\t\t\t\t<\/div>\n\t\t\t\t<\/div>\n\t\t<div class=\"elementor-element elementor-element-3130ba8 e-con-full e-flex e-con e-child\" data-id=\"3130ba8\" data-element_type=\"container\" data-e-type=\"container\">\n\t\t\t\t<div class=\"elementor-element elementor-element-4ec89d5 e-transform elementor-widget elementor-widget-image\" data-id=\"4ec89d5\" data-element_type=\"widget\" data-e-type=\"widget\" data-settings=\"{&quot;_transform_translateX_effect_hover&quot;:{&quot;unit&quot;:&quot;px&quot;,&quot;size&quot;:-20,&quot;sizes&quot;:[]},&quot;_transform_translateX_effect_hover_tablet&quot;:{&quot;unit&quot;:&quot;px&quot;,&quot;size&quot;:&quot;&quot;,&quot;sizes&quot;:[]},&quot;_transform_translateX_effect_hover_mobile&quot;:{&quot;unit&quot;:&quot;px&quot;,&quot;size&quot;:&quot;&quot;,&quot;sizes&quot;:[]},&quot;_transform_translateY_effect_hover&quot;:{&quot;unit&quot;:&quot;px&quot;,&quot;size&quot;:&quot;&quot;,&quot;sizes&quot;:[]},&quot;_transform_translateY_effect_hover_tablet&quot;:{&quot;unit&quot;:&quot;px&quot;,&quot;size&quot;:&quot;&quot;,&quot;sizes&quot;:[]},&quot;_transform_translateY_effect_hover_mobile&quot;:{&quot;unit&quot;:&quot;px&quot;,&quot;size&quot;:&quot;&quot;,&quot;sizes&quot;:[]}}\" data-widget_type=\"image.default\">\n\t\t\t\t\t\t\t\t\t\t\t\t\t\t\t\t<a href=\"https:\/\/www.tamara-fetish.com\/\">\n\t\t\t\t\t\t\t<img decoding=\"async\" width=\"52\" height=\"52\" src=\"https:\/\/www.tamara-fetish.com\/wp-content\/uploads\/2026\/03\/Fleche-retour.png\" class=\"attachment-large size-large wp-image-89\" alt=\"\" \/>\t\t\t\t\t\t\t\t<\/a>\n\t\t\t\t\t\t\t\t\t\t\t\t\t\t\t<\/div>\n\t\t\t\t<\/div>\n\t\t\t\t<\/div>\n\t\t<div class=\"elementor-element elementor-element-3738937f e-con-full e-flex e-con e-parent\" data-id=\"3738937f\" data-element_type=\"container\" data-e-type=\"container\">\n\t\t\t\t<div class=\"elementor-element elementor-element-3c3cf523 elementor-widget elementor-widget-ehp-form\" data-id=\"3c3cf523\" data-element_type=\"widget\" data-e-type=\"widget\" data-settings=\"{&quot;layout_preset&quot;:&quot;interact&quot;,&quot;button_width&quot;:&quot;100&quot;,&quot;layout_column_structure&quot;:&quot;50-50&quot;,&quot;content_alignment&quot;:&quot;start&quot;,&quot;button_shape&quot;:&quot;default&quot;,&quot;box_shape&quot;:&quot;sharp&quot;}\" data-widget_type=\"ehp-form.default\">\n\t\t\t\t<div class=\"elementor-widget-container\">\n\t\t\t\t\t\t\t<form class=\"has-shape-sharp shape-type-box has-column-structure-50-50  ehp-form has-layout-preset-interact\" name=\"Nouveau formulaire\" method=\"post\" id=\"\">\n\t\t\t\t\t<div class=\"ehp-form__text-container\">\n\t\t\t<h2 class=\"ehp-form__heading\">Nous contacter<\/h2><p class=\"ehp-form__description\">Tamara Fetish<br>67500 HAGUENAU<br>T\u00e9l. +33(6) 87 68 43 25<\/p>\t\t<\/div>\n\t\t\t\t\t<input type=\"hidden\" name=\"post_id\" value=\"78\"\/>\n\t\t\t<input type=\"hidden\" name=\"form_id\" value=\"3c3cf523\"\/>\n\t\t\t<input type=\"hidden\" name=\"referer_title\" value=\"\"\/>\n\n\t\t\t\n\t\t\t<div class=\"ehp-form__content\">\n\t\t\t\t\t\t\t\t<div class=\"ehp-form__wrapper\">\n\t\t\t\t\t\t\t\t\t\t\t<div class=\"ehp-form__field-group is-field-type-text is-field-group-name has-width-100 has-border has-shape-default\">\n\t\t\t\t\t\t\t\t\t\t\t\t\t\t\t<label for=\"form-field-name\" class=\"ehp-form__field-label elementor-screen-only\">\n\t\t\t\t\t\t\t\t\tNom\t\t\t\t\t\t\t\t<\/label>\n\t\t\t\t\t\t\t\t\t\t\t\t\t\t\t\t\t<input size=\"1\" type=\"text\" name=\"form_fields[name]\" id=\"form-field-name\" class=\"ehp-form__field elementor-size-sm  elementor-field-textual\" placeholder=\"Nom\">\n\t\t\t\t\t\t\t\t\t\t\t\t\t\t\t<\/div>\n\t\t\t\t\t\t\t\t\t\t\t<div class=\"ehp-form__field-group is-field-type-email is-field-group-email has-width-100 is-field-required has-border has-shape-default\">\n\t\t\t\t\t\t\t\t\t\t\t\t\t\t\t<label for=\"form-field-email\" class=\"ehp-form__field-label elementor-screen-only\">\n\t\t\t\t\t\t\t\t\tE-mail\t\t\t\t\t\t\t\t<\/label>\n\t\t\t\t\t\t\t\t\t\t\t\t\t\t\t\t\t<input size=\"1\" type=\"email\" name=\"form_fields[email]\" id=\"form-field-email\" class=\"ehp-form__field elementor-size-sm  elementor-field-textual\" placeholder=\"E-mail\" required=\"required\" aria-required=\"true\">\n\t\t\t\t\t\t\t\t\t\t\t\t\t\t\t<\/div>\n\t\t\t\t\t\t\t\t\t\t\t<div class=\"ehp-form__field-group is-field-type-textarea is-field-group-message has-width-100 has-border has-shape-default\">\n\t\t\t\t\t\t\t\t\t\t\t\t\t\t\t<label for=\"form-field-message\" class=\"ehp-form__field-label elementor-screen-only\">\n\t\t\t\t\t\t\t\t\tMessage\t\t\t\t\t\t\t\t<\/label>\n\t\t\t\t\t\t\t\t<textarea class=\"elementor-field-textual ehp-form__field eph-form__textarea  elementor-size-sm\" name=\"form_fields[message]\" id=\"form-field-message\" rows=\"4\" placeholder=\"Message\"><\/textarea>\t\t\t\t\t\t<\/div>\n\t\t\t\t\t\t\t\t\t\t\t\t<div class=\"ehp-form__submit-group has-width-100\">\n\t\t\t<button class=\"has-shape-default shape-type-button ehp-form__button is-type-button\" type=\"submit\">\n\t\t\t\t\t\t\t\t\t\t\t\t\t\n\t\t\t\t\t\t\t\t\t<span class=\"ehp-form__button-text\">Envoyer<\/span>\n\t\t\t\t\t\t\t<\/button>\n\t\t<\/div>\n\t\t\t\t\t\t<\/div>\n\t\t\t<\/div>\n\t\t\t<div class=\"ehp-form__overlay\"><\/div>\n\t\t<\/form>\n\t\t\t\t\t\t<\/div>\n\t\t\t\t<\/div>\n\t\t\t\t<div class=\"elementor-element elementor-element-4752aadc elementor-widget elementor-widget-text-editor\" data-id=\"4752aadc\" data-element_type=\"widget\" data-e-type=\"widget\" data-widget_type=\"text-editor.default\">\n\t\t\t\t\t\t\t\t\t<p>Tous droits r\u00e9serv\u00e9s \u00a92026\u00a0 |\u00a0 Mentions l\u00e9gales<\/p>\t\t\t\t\t\t\t\t<\/div>\n\t\t\t\t<\/div>\n\t\t\t\t<\/div>\n\t\t","protected":false},"excerpt":{"rendered":"<p>Savoir-\u00eatre Qui sommes-nous ? Fabricant de mobilier BDSM haut de gamme, nous concevons des \u00e9l\u00e9ments sur-mesure d\u00e9di\u00e9es \u00e0 l\u2019univers du f\u00e9tichisme et de la sexualit\u00e9 alternative. Chaque cr\u00e9ation allie design et robustesse, pour r\u00e9pondre aux exigences des pratiquants comme des amateurs \u00e9clair\u00e9s. Nos meubles BDSM sont pens\u00e9s pour offrir s\u00e9curit\u00e9, confort et esth\u00e9tique, avec des [&hellip;]<\/p>\n","protected":false},"author":1,"featured_media":0,"parent":0,"menu_order":0,"comment_status":"closed","ping_status":"closed","template":"elementor_canvas","meta":{"footnotes":""},"class_list":["post-78","page","type-page","status-publish","hentry"],"_links":{"self":[{"href":"https:\/\/www.tamara-fetish.com\/index.php\/wp-json\/wp\/v2\/pages\/78","targetHints":{"allow":["GET"]}}],"collection":[{"href":"https:\/\/www.tamara-fetish.com\/index.php\/wp-json\/wp\/v2\/pages"}],"about":[{"href":"https:\/\/www.tamara-fetish.com\/index.php\/wp-json\/wp\/v2\/types\/page"}],"author":[{"embeddable":true,"href":"https:\/\/www.tamara-fetish.com\/index.php\/wp-json\/wp\/v2\/users\/1"}],"replies":[{"embeddable":true,"href":"https:\/\/www.tamara-fetish.com\/index.php\/wp-json\/wp\/v2\/comments?post=78"}],"version-history":[{"count":37,"href":"https:\/\/www.tamara-fetish.com\/index.php\/wp-json\/wp\/v2\/pages\/78\/revisions"}],"predecessor-version":[{"id":177,"href":"https:\/\/www.tamara-fetish.com\/index.php\/wp-json\/wp\/v2\/pages\/78\/revisions\/177"}],"wp:attachment":[{"href":"https:\/\/www.tamara-fetish.com\/index.php\/wp-json\/wp\/v2\/media?parent=78"}],"curies":[{"name":"wp","href":"https:\/\/api.w.org\/{rel}","templated":true}]}}